{"id":19,"date":"2021-09-26T23:45:05","date_gmt":"2021-09-26T23:45:05","guid":{"rendered":"https:\/\/www.zusatzplatz.de\/?page_id=19"},"modified":"2021-09-27T17:51:07","modified_gmt":"2021-09-27T17:51:07","slug":"lagerplatz-ganz-einfach","status":"publish","type":"page","link":"https:\/\/www.zusatzplatz.de\/","title":{"rendered":"Einfach mehr Platz!"},"content":{"rendered":"\n<p><\/p>\n\n\n\n<p><strong>Sie suchen eine Lagerfl\u00e4che?<\/strong><\/p>\n\n\n\n<p><strong>Diese am besten ebenerdig, sauber und beheizt?<\/strong><\/p>\n\n\n\n<p><strong>Dann sind Sie bei uns richtig!<\/strong><\/p>\n\n\n\n<p><strong>Wir gr\u00fcnden ein neues kleines Flexlager im Zentrum von Hilchenbach.<\/strong><\/p>\n\n\n\n<p><strong>Bei uns k\u00f6nnen Sie ab November 2021 Lagerboxen von 2m\u00b2 bis 8m\u00b2 mieten.<\/strong><\/p>\n\n\n\n<p><strong>Durch eine Deckenh\u00f6he von ca. 3 m lassen sich auch auf der kleinsten Fl\u00e4che viele Gegenst\u00e4nde lagern.<\/strong><\/p>\n\n\n\n<p><strong>Die Boxen befinden sich in einem Wohn- und Gesch\u00e4ftshaus mitten in Hilchenbach. Alle Einheiten werden mit einem Schloss ausgestattet, der Eingangsbereich wird Video \u00fcberwacht, so das Sie Ihre Gegenst\u00e4nde sicher aufbewahren k\u00f6nnen.<\/strong><\/p>\n\n\n\n<p><strong>Jede Lagerbox wird temperiert und verf\u00fcgt \u00fcber Strom, so das auch ein E-bike jederzeit geladen werden kann.<\/strong><\/p>\n\n\n\n<p><strong>Die Miete betr\u00e4gt je nach Gr\u00f6\u00dfe zwischen 41,- und 119,- Euro.<\/strong><\/p>\n","protected":false},"excerpt":{"rendered":"<p>Sie suchen eine Lagerfl\u00e4che? Diese am besten ebenerdig, sauber und beheizt? Dann sind Sie bei uns richtig! Wir gr\u00fcnden ein neues kleines Flexlager im Zentrum von Hilchenbach. Bei uns k\u00f6nnen Sie ab November 2021 Lagerboxen von 2m\u00b2 bis 8m\u00b2 mieten. Durch eine Deckenh\u00f6he von ca. 3 m lassen sich auch auf der kleinsten Fl\u00e4che viele &hellip; <\/p>\n<p class=\"link-more\"><a href=\"https:\/\/www.zusatzplatz.de\/\" class=\"more-link\"><span class=\"screen-reader-text\">\u201eEinfach mehr Platz!\u201c <\/span>weiterlesen<\/a><\/p>\n","protected":false},"author":2,"featured_media":0,"parent":0,"menu_order":0,"comment_status":"closed","ping_status":"closed","template":"template-frontpage.php","meta":{"footnotes":""},"class_list":["post-19","page","type-page","status-publish","hentry"],"_links":{"self":[{"href":"https:\/\/www.zusatzplatz.de\/index.php?rest_route=\/wp\/v2\/pages\/19","targetHints":{"allow":["GET"]}}],"collection":[{"href":"https:\/\/www.zusatzplatz.de\/index.php?rest_route=\/wp\/v2\/pages"}],"about":[{"href":"https:\/\/www.zusatzplatz.de\/index.php?rest_route=\/wp\/v2\/types\/page"}],"author":[{"embeddable":true,"href":"https:\/\/www.zusatzplatz.de\/index.php?rest_route=\/wp\/v2\/users\/2"}],"replies":[{"embeddable":true,"href":"https:\/\/www.zusatzplatz.de\/index.php?rest_route=%2Fwp%2Fv2%2Fcomments&post=19"}],"version-history":[{"count":3,"href":"https:\/\/www.zusatzplatz.de\/index.php?rest_route=\/wp\/v2\/pages\/19\/revisions"}],"predecessor-version":[{"id":50,"href":"https:\/\/www.zusatzplatz.de\/index.php?rest_route=\/wp\/v2\/pages\/19\/revisions\/50"}],"wp:attachment":[{"href":"https:\/\/www.zusatzplatz.de\/index.php?rest_route=%2Fwp%2Fv2%2Fmedia&parent=19"}],"curies":[{"name":"wp","href":"https:\/\/api.w.org\/{rel}","templated":true}]}}